{"id":934,"date":"2026-04-03T16:28:28","date_gmt":"2026-04-03T16:28:28","guid":{"rendered":"https:\/\/myreikitour.com\/?page_id=934"},"modified":"2026-04-03T16:28:28","modified_gmt":"2026-04-03T16:28:28","slug":"date-reiki-tour","status":"publish","type":"page","link":"https:\/\/myreikitour.com\/it\/date-reiki-tour\/","title":{"rendered":"Date"},"content":{"rendered":"\n<section class=\"gb-element-b78e5241\">\n<span class=\"gb-shape gb-shape-b9306c19 gb-shape--divider\"><svg xmlns=\"http:\/\/www.w3.org\/2000\/svg\" viewBox=\"0 0 1200 217.3\" preserveAspectRatio=\"none\"><path d=\"M1200 195.6l-25-22.2c-25-21.9-75-66.9-125-75.5-50-8.9-100 17.8-150 26.7-50 8.6-100 .2-150-13.3-50-13.1-100-31.4-150-26.7-50 4.4-100 31.1-150 26.7-50-4.8-100-39.8-150-66.7C250 18.1 200-.2 150 0 100-.2 50 18.1 25 26.7L0 35.6v181.7h1200v-21.7z\"><\/path><\/svg><\/span>\n\n\n\n<div class=\"gb-element-718281f2\">\n<h1 class=\"gb-text gb-text-6d2e3901\">Date Reiki Tour<\/h1>\n\n\n\n<p class=\"gb-text gb-text-0cb618db\"><em>Le prossime partenze e le informazioni essenziali per partecipare<\/em><\/p>\n<\/div>\n<\/section>\n\n\n\n<div class=\"gbp-section\">\n<div class=\"gbp-section__inner gb-element-76152d54\">\n<div>\n<p class=\"gb-text gbp-section__tagline\">Quando si parte<\/p>\n\n\n\n<h2 class=\"gb-text gbp-section__headline\"><strong><strong>Quando si svolge il Reiki Tour<\/strong><\/strong><\/h2>\n<\/div>\n\n\n\n<div>\n<p class=\"gb-text gbp-section__text\">Il Reiki Tour si svolge in piccoli gruppi, in primavera e in autunno, periodi in cui il Giappone offre condizioni particolarmente favorevoli per vivere il viaggio in modo pieno e non affrettato.<br>Le date vengono definite in modo da garantire qualit\u00e0 dell\u2019esperienza, equilibrio nei ritmi e possibilit\u00e0 di lavorare in modo attento e condiviso.<br>In questa pagina trovi le prossime partenze e le informazioni essenziali per organizzare la partecipazione.<\/p>\n<\/div>\n<\/div>\n<\/div>\n\n\n\n<div class=\"gbp-section\" id=\"datepartenze\">\n<h2 class=\"gb-text gb-text-b7875571\">Prossime partenze<\/h2>\n\n\n\n<div class=\"gbp-section__inner gb-element-7b680d5d\">\n<div>\n<p class=\"gb-text gbp-section__tagline\">Primavera 2026<\/p>\n\n\n\n<h2 class=\"gb-text gbp-section__headline\">26 maggio &#8211; 3 giugno<\/h2>\n\n\n\n<p class=\"gb-text gbp-section__text\">La primavera accompagna il viaggio con un ritmo naturale di apertura e movimento. I paesaggi si trasformano, le giornate si allungano, e la pratica si inserisce in un contesto che invita a una presenza pi\u00f9 attenta e distesa.<\/p>\n<\/div>\n\n\n\n<div>\n<p class=\"gb-text gbp-section__tagline\">Autunno 2026<\/p>\n\n\n\n<h2 class=\"gb-text gbp-section__headline\">3 novembre &#8211; 10 novembre<\/h2>\n\n\n\n<p class=\"gb-text gbp-section__text\">L\u2019autunno introduce una qualit\u00e0 pi\u00f9 raccolta dell\u2019esperienza. I colori cambiano, il ritmo si fa pi\u00f9 quieto, e la pratica trova uno spazio che favorisce l\u2019ascolto, la continuit\u00e0 e una relazione pi\u00f9 profonda con ci\u00f2 che emerge.<\/p>\n<\/div>\n<\/div>\n<\/div>\n\n\n\n<div class=\"gbp-section gb-element-3fae1ca2\">\n<div class=\"gbp-section__inner gbp-card--border gb-element-340d0007\">\n<div>\n<h2 class=\"gb-text gb-text-c4913c65\">Vuoi capire se \u00e8 il momento giusto?<\/h2>\n\n\n\n<p class=\"gb-text gbp-section__text gb-text-5165c43f\">Scrivici. Possiamo confrontarci e capire insieme se questo viaggio \u00e8 adatto al tuo percorso.<\/p>\n<\/div>\n\n\n\n<div>\n<div class=\"gb-element-dd0a98b3\">\n<a class=\"gb-text gbp-button--primary gb-text-d34f41b6\" href=\"https:\/\/wa.me\/+390221119579\" target=\"_blank\" rel=\"noopener\">Contattaci su WhatsApp<\/a>\n\n\n\n<a class=\"gb-text gbp-button--secondary gb-text-d8ba587f\" href=\"\/#informazionitour\">Richiedi informazioni<\/a>\n<\/div>\n<\/div>\n<\/div>\n<\/div>\n\n\n\n<p><\/p>\n","protected":false},"excerpt":{"rendered":"<p>Date Reiki Tour Le prossime partenze e le informazioni essenziali per partecipare Quando si parte Quando si svolge il Reiki &#8230; <a title=\"Date\" class=\"read-more\" href=\"https:\/\/myreikitour.com\/it\/date-reiki-tour\/\" aria-label=\"Per saperne di pi\u00f9 su Date\">Leggi tutto<\/a><\/p>\n","protected":false},"author":1,"featured_media":0,"parent":0,"menu_order":0,"comment_status":"closed","ping_status":"closed","template":"","meta":{"footnotes":""},"class_list":["post-934","page","type-page","status-publish"],"_hostinger_reach_plugin_has_subscription_block":false,"_hostinger_reach_plugin_is_elementor":false,"_links":{"self":[{"href":"https:\/\/myreikitour.com\/it\/wp-json\/wp\/v2\/pages\/934","targetHints":{"allow":["GET"]}}],"collection":[{"href":"https:\/\/myreikitour.com\/it\/wp-json\/wp\/v2\/pages"}],"about":[{"href":"https:\/\/myreikitour.com\/it\/wp-json\/wp\/v2\/types\/page"}],"author":[{"embeddable":true,"href":"https:\/\/myreikitour.com\/it\/wp-json\/wp\/v2\/users\/1"}],"replies":[{"embeddable":true,"href":"https:\/\/myreikitour.com\/it\/wp-json\/wp\/v2\/comments?post=934"}],"version-history":[{"count":9,"href":"https:\/\/myreikitour.com\/it\/wp-json\/wp\/v2\/pages\/934\/revisions"}],"predecessor-version":[{"id":1238,"href":"https:\/\/myreikitour.com\/it\/wp-json\/wp\/v2\/pages\/934\/revisions\/1238"}],"wp:attachment":[{"href":"https:\/\/myreikitour.com\/it\/wp-json\/wp\/v2\/media?parent=934"}],"curies":[{"name":"wp","href":"https:\/\/api.w.org\/{rel}","templated":true}]}}